{"id":1642,"date":"2024-08-13T01:26:06","date_gmt":"2024-08-13T01:26:06","guid":{"rendered":"https:\/\/giancarlogelsominoarte.com\/?page_id=1642"},"modified":"2025-01-21T07:34:12","modified_gmt":"2025-01-21T07:34:12","slug":"2023-testo-critico","status":"publish","type":"page","link":"https:\/\/giancarlogelsominoarte.com\/en\/2023-testo-critico\/","title":{"rendered":"2023 Testo Critico"},"content":{"rendered":"<div class=\"wp-block-group alignwide has-global-padding is-layout-constrained wp-block-group-is-layout-constrained\">\n<div class=\"wp-block-group alignwide is-layout-flow wp-block-group-is-layout-flow\" style=\"padding-top:var(--wp--preset--spacing--10);padding-bottom:var(--wp--preset--spacing--10)\">\n<h2 class=\"wp-block-heading has-text-align-center has-large-font-size\">GIANCARLO GELSOMINO <\/h2>\n\n\n\n<div style=\"height:10px\" aria-hidden=\"true\" class=\"wp-block-spacer\"><\/div>\n\n\n\n<hr class=\"wp-block-separator has-alpha-channel-opacity is-style-wide\"\/>\n\n\n\n<div style=\"height:15px\" aria-hidden=\"true\" class=\"wp-block-spacer\"><\/div>\n\n\n\n<h2 class=\"wp-block-heading has-text-align-center has-large-font-size\">In Memoria di Giancarlo Gelsomino <br>1958 &#8211; 2023<\/h2>\n<\/div>\n<\/div>\n\n\n\n<div style=\"height:10px\" aria-hidden=\"true\" class=\"wp-block-spacer\"><\/div>\n\n\n\n<p style=\"line-height:1.7\"><strong>ROBERTO VERACE <\/strong><br>Docente a riposo dell\u2019Accademia Ligustica di Belle Arti di Genova<br>Linguaggi e tecniche dell\u2019audiovisivo e Teoria e metodo dei mass media<br>Genova, 10 Agosto 2023<br><br><br>Domenica 6 agosto, a sessantacinque anni, \u00e8 deceduto Giancarlo Gelsomino, l\u2019ultimo artista militante del secolo scorso. Laureato all\u2019Accademia Ligustica di Belle Arti di Genova nel 1984, Gelsomino amava dire di aver avuto due illustri genitori artistici: Gianfranco Bruno, direttore dell\u2019Accademia Ligustica, colui al quale doveva l\u2019avvio della propria carriera, e Rossana Bossaglia, colei che per molti anni ha seguito con amore e passione il suo percorso maturo. Bench\u00e9 gli ultimi anni cos\u00ec come l\u2019ultimo istante della sua vita siano stati contraddistinti da profonda e dolorosa solitudine, la solitudine dei grandi provocatori, Gelsomino ha avuto una vita artistica di buon livello nazionale, internazionale e, nonostante la difficolt\u00e0 di essere profeti a casa propria, persino provinciale. <br><br>Ha esordito con un citazionismo dissimulante di grande effetto e di raffinata tecnica, per poi passare ad uno studio critico ambientale che lo ha portato da un lato a un\u2019indagine politico sociale, dall\u2019altro a un\u2019analisi e a un approfondimento mediatico linguistico dal quale ha derivato i concetti e le suggestioni che ha tramutato, in quanto pittore e scultore, in forme sia endogene nella costruzione dell\u2019immagine, sia esogene nella forma dell\u2019opera. Riflessione politico sociale sulla condizione dell\u2019uomo e dell\u2019artista nella societ\u00e0, e parallela indagine sugli strumenti contemporanei dell\u2019espressione e della comunicazione: radiofonia, televisione, cinema e carta stampata. Un doppio binario sul quale splendeva il suo grande amore per la letteratura, stella polare del suo percorso, che gli ha consentito di elaborare il presente e preannunciare, definendoli, gli sviluppi formali di un paventato futuro. <br><br>Non a caso, nel suo periodo maturo, Giancarlo ha dato anima e corpo all\u2019impegno politico concreto dell\u2019operare artistico: Palestina, Cuba, Brasile, Australia. Gelsomino \u00e8 intervenuto, con strumenti estetici e culturali, per denunciare le condizioni politico sociali dell\u2019uomo e dei popoli oppressi ma, al contempo, \u00e8 stato in grado di assorbire le esperienze artistiche, culturali e spirituali dei territori visitati. \u00c9 stato un periodo di grande attivit\u00e0 e di grande impegno che lo ha portato ad acquisire nel proprio mondo grafico alcuni stilemi dei popoli primitivi e a dimorare per lunghi periodi lontano dall\u2019Italia. Idealista e sognatore come ogni buon artista che si rispetti, nella seconda met\u00e0 degli anni Novanta, \u00e8 stato vittima della lusinga del Governo di turno e della sua propaganda a buon mercato che prometteva, agli artisti e agli intellettuali residenti all\u2019estero, con tanto di decreti e di pomposi squilli di trombe, che se essi fossero volontariamente rientrati in Italia il Governo Italiano si sarebbe adeguatamente curato di loro e del loro lavoro. <br>Niente di pi\u00f9 di una delle tante promesse demagogiche che tanto ridicolizzano e indeboliscono questo nostro stravagante Paese. Rientrato, quindi, in un momento di profonda crisi della societ\u00e0 italiana e, come da italica tradizione, lasciato abbandonato a se stesso e ai propri scarsi mezzi derivati dalla rinuncia delle precedenti certezze, Gelsomino di lotta e di purezza ideologica non poteva piegarsi e accettare quei compromessi \u2013 in realt\u00e0 poco pi\u00f9 che cialtronaggini \u2013 che promettevano molto ma garantivano solo una iniqua e soffocante sopravvivenza. <br><br>In una siffatta situazione, non poteva che iniziare un periodo di difficolt\u00e0, di lenta discesa agli inferi, segnata da rarissime mostre e da un sempre pi\u00f9 difficile rapporto con la societ\u00e0, artistica e no. Gelsomino, volente o nolente, si \u00e8 visto costretto a ritirarsi in una casa di propriet\u00e0 della madre al Pero, a Varazze, riviera ligure di ponente &#8211; periferia della periferia periferica dell\u2019Impero -, nella speranza di rinvigorirsi e riprendere il cammino. Ma la societ\u00e0, e il mondo dell\u2019arte che ne \u00e8 un derivato, erano in profondo cambiamento. Non vi erano pi\u00f9 i grandi storici e critici del Novecento, dotati di grande cultura e sensibilit\u00e0, non vi erano pi\u00f9 i galleristi, sapientemente intersecati da mercatismo e mecenatismo, non vi era pi\u00f9 un collezionismo intelligente e lungimirante, non vi era pi\u00f9 una differenzazione del mercato. La classe media che comprava opere d\u2019arte stava scomparendo. Nella quasi totalit\u00e0, le gallerie indipendenti erano state annientate. Erano rimasti solo i grandi capitali e le vendite spettacolari da agenda setting. Il pensiero unico stava iniziando a far bella mostra di s\u00e9. Il mondo del mercato oggettistico estetico \u2013 in epoca moderna, l\u2019arte e il mercato non hanno mai avuto nulla a che vedere \u2013 si occupava solo di articoli \u2013 principalmente coaguli di materia, opere d\u2019arte pochissime \u2013 di grandi dimensioni. <br><br>Nonostante tentasse di ipotizzare e proporre opere e mostre di ampio respiro internazionale, Gelsomino era sempre pi\u00f9 isolato. L\u2019ambiente pseudo artistico e la societ\u00e0 erano ormai sordi al proprio dire, disattenti e infastiditi soprattutto dai provocatori di un passato ormai remoto. L\u2019artista, allora, ha compreso che se non \u00e8 l\u2019opera in s\u00e9 di grande qualit\u00e0 dimensionale, lo pu\u00f2 essere il ciclo. <br><br>Negli ultimi tredici o quattordici anni, pur nella solitudine pi\u00f9 incomprensibile e tormentata, nelle difficolt\u00e0 pi\u00f9 avvilenti egli ha progettato e realizzato il proprio capolavoro sconosciuto: un ciclo di opere dedicate al mondo dei lepidotteri, tutte in formato cm. 65&#215;65, che negli ultimi giorni della sua vita ha superato l\u2019impressionante numero di pi\u00f9 di duecentosettanta pezzi. Un\u2019impresa eccezionale, una sfida all\u2019omologazione, una ragione di vita. La narrazione, la creazione poetica, fil rouge che percorre tutta la sua opera, di un mondo di instabilit\u00e0, di precariet\u00e0, di tensione, di contrasto violento, di conflitto che trova la sua ragion d\u2019essere proprio nell\u2019esistenza del rapporto, del difficile se non impossibile dialogo individuale e sociale. <br><br>Con questo breve e incompleto ritratto, dolorosamente saluto uno dei miei pochi amici e il compagno di tante avventure e concludo con le parole che spesso pronunciava e che tanto amava: E se vale la pena di rischiare, io mi gioco anche l\u2019ultimo frammento di cuore. Hasta la victoria siempre! (Ernesto \u201cChe\u201d Guevara).<\/p>\n\n\n\n<div style=\"height:100px\" aria-hidden=\"true\" class=\"wp-block-spacer\"><\/div>","protected":false},"excerpt":{"rendered":"<p>GIANCARLO GELSOMINO In Memoria di Giancarlo Gelsomino 1958 &#8211; 2023 ROBERTO VERACE Docente a riposo dell\u2019Accademia Ligustica di Belle Arti di GenovaLinguaggi e tecniche dell\u2019audiovisivo e Teoria e metodo dei mass mediaGenova, 10 Agosto 2023 Domenica 6 agosto, a sessantacinque anni, \u00e8 deceduto Giancarlo Gelsomino, l\u2019ultimo artista militante del secolo scorso. Laureato all\u2019Accademia Ligustica di [&hellip;]<\/p>\n","protected":false},"author":1,"featured_media":0,"parent":0,"menu_order":0,"comment_status":"closed","ping_status":"closed","template":"","meta":{"om_disable_all_campaigns":false,"_monsterinsights_skip_tracking":false,"_monsterinsights_sitenote_active":false,"_monsterinsights_sitenote_note":"","_monsterinsights_sitenote_category":0,"_uf_show_specific_survey":0,"_uf_disable_surveys":false,"footnotes":""},"class_list":["post-1642","page","type-page","status-publish","hentry"],"aioseo_notices":[],"_links":{"self":[{"href":"https:\/\/giancarlogelsominoarte.com\/en\/wp-json\/wp\/v2\/pages\/1642","targetHints":{"allow":["GET"]}}],"collection":[{"href":"https:\/\/giancarlogelsominoarte.com\/en\/wp-json\/wp\/v2\/pages"}],"about":[{"href":"https:\/\/giancarlogelsominoarte.com\/en\/wp-json\/wp\/v2\/types\/page"}],"author":[{"embeddable":true,"href":"https:\/\/giancarlogelsominoarte.com\/en\/wp-json\/wp\/v2\/users\/1"}],"replies":[{"embeddable":true,"href":"https:\/\/giancarlogelsominoarte.com\/en\/wp-json\/wp\/v2\/comments?post=1642"}],"version-history":[{"count":5,"href":"https:\/\/giancarlogelsominoarte.com\/en\/wp-json\/wp\/v2\/pages\/1642\/revisions"}],"predecessor-version":[{"id":1702,"href":"https:\/\/giancarlogelsominoarte.com\/en\/wp-json\/wp\/v2\/pages\/1642\/revisions\/1702"}],"wp:attachment":[{"href":"https:\/\/giancarlogelsominoarte.com\/en\/wp-json\/wp\/v2\/media?parent=1642"}],"curies":[{"name":"wp","href":"https:\/\/api.w.org\/{rel}","templated":true}]}}